{"id":2326,"date":"2021-10-04T15:28:06","date_gmt":"2021-10-04T15:28:06","guid":{"rendered":"https:\/\/riublanch.com\/?page_id=2326"},"modified":"2022-02-26T19:27:26","modified_gmt":"2022-02-26T19:27:26","slug":"historia-de-la-salvacion","status":"publish","type":"page","link":"https:\/\/riublanch.com\/index.php\/historia-de-la-salvacion\/","title":{"rendered":"Historia de la salvaci\u00f3n"},"content":{"rendered":"<ol>\n<li>\n<h3><a href=\"https:\/\/youtu.be\/pR3WbyVx1XY\" target=\"_blank\" rel=\"noopener\">Los or\u00edgenes<\/a><\/h3>\n<\/li>\n<li>\n<h3><a href=\"https:\/\/youtu.be\/qO0lCT5ZBeU\" target=\"_blank\" rel=\"noopener\">Abraham, Isaac y Jos\u00e9<\/a><\/h3>\n<\/li>\n<li>\n<h3><a href=\"https:\/\/youtu.be\/QiBZ4vyjfus\" target=\"_blank\" rel=\"noopener\">Mois\u00e9s y la Ley<\/a><\/h3>\n<\/li>\n<li>\n<h3><a href=\"https:\/\/youtu.be\/NHZcHOkO5sY\" target=\"_blank\" rel=\"noopener\">Josu\u00e9 y los Jueces<\/a><\/h3>\n<\/li>\n<li>\n<h3><a href=\"https:\/\/youtu.be\/u7TAs6fXWak\" target=\"_blank\" rel=\"noopener\">Samuel y la Monarqu\u00eda<\/a><\/h3>\n<\/li>\n<li>\n<h3><a href=\"https:\/\/youtu.be\/xD7bynqfOLc\" target=\"_blank\" rel=\"noopener\">El exilio y la vuelta<\/a><\/h3>\n<\/li>\n<li>\n<h3><a href=\"https:\/\/youtu.be\/fJHsukK-w_g\" target=\"_blank\" rel=\"noopener\">Llegada del Mes\u00edas, el Nuevo Testamento<\/a><\/h3>\n<\/li>\n<\/ol>\n","protected":false},"excerpt":{"rendered":"<p>Los or\u00edgenes Abraham, Isaac y Jos\u00e9 Mois\u00e9s y la Ley Josu\u00e9 y los Jueces Samuel y la Monarqu\u00eda El exilio y la vuelta Llegada del Mes\u00edas, el Nuevo Testamento<\/p>\n","protected":false},"author":3,"featured_media":0,"parent":0,"menu_order":0,"comment_status":"closed","ping_status":"closed","template":"","meta":{"footnotes":""},"class_list":["post-2326","page","type-page","status-publish","hentry"],"_links":{"self":[{"href":"https:\/\/riublanch.com\/index.php\/wp-json\/wp\/v2\/pages\/2326","targetHints":{"allow":["GET"]}}],"collection":[{"href":"https:\/\/riublanch.com\/index.php\/wp-json\/wp\/v2\/pages"}],"about":[{"href":"https:\/\/riublanch.com\/index.php\/wp-json\/wp\/v2\/types\/page"}],"author":[{"embeddable":true,"href":"https:\/\/riublanch.com\/index.php\/wp-json\/wp\/v2\/users\/3"}],"replies":[{"embeddable":true,"href":"https:\/\/riublanch.com\/index.php\/wp-json\/wp\/v2\/comments?post=2326"}],"version-history":[{"count":11,"href":"https:\/\/riublanch.com\/index.php\/wp-json\/wp\/v2\/pages\/2326\/revisions"}],"predecessor-version":[{"id":2391,"href":"https:\/\/riublanch.com\/index.php\/wp-json\/wp\/v2\/pages\/2326\/revisions\/2391"}],"wp:attachment":[{"href":"https:\/\/riublanch.com\/index.php\/wp-json\/wp\/v2\/media?parent=2326"}],"curies":[{"name":"wp","href":"https:\/\/api.w.org\/{rel}","templated":true}]}}