{"id":2267,"date":"2021-04-09T17:59:02","date_gmt":"2021-04-09T17:59:02","guid":{"rendered":"https:\/\/riublanch.com\/?page_id=2267"},"modified":"2021-05-20T15:55:58","modified_gmt":"2021-05-20T15:55:58","slug":"teologia-fundamental","status":"publish","type":"page","link":"https:\/\/riublanch.com\/index.php\/teologia-fundamental\/","title":{"rendered":"Teolog\u00eda Fundamental"},"content":{"rendered":"<h3><a href=\"https:\/\/vimeo.com\/534510070\">Teolog\u00eda Fundamental I<\/a><\/h3>\n<h3><a href=\"https:\/\/vimeo.com\/534548147\">Teolog\u00eda Fundamental II<\/a><\/h3>\n<h3><a href=\"https:\/\/vimeo.com\/534762723\">Teolog\u00eda Fundamental III<\/a><\/h3>\n<h3><a href=\"https:\/\/vimeo.com\/541732462\" target=\"_blank\" rel=\"noopener\">Teolog\u00eda Fundamental IV<\/a><\/h3>\n","protected":false},"excerpt":{"rendered":"<p>Teolog\u00eda Fundamental I Teolog\u00eda Fundamental II Teolog\u00eda Fundamental III Teolog\u00eda Fundamental IV<\/p>\n","protected":false},"author":3,"featured_media":0,"parent":0,"menu_order":0,"comment_status":"closed","ping_status":"closed","template":"","meta":{"footnotes":""},"class_list":["post-2267","page","type-page","status-publish","hentry"],"_links":{"self":[{"href":"https:\/\/riublanch.com\/index.php\/wp-json\/wp\/v2\/pages\/2267","targetHints":{"allow":["GET"]}}],"collection":[{"href":"https:\/\/riublanch.com\/index.php\/wp-json\/wp\/v2\/pages"}],"about":[{"href":"https:\/\/riublanch.com\/index.php\/wp-json\/wp\/v2\/types\/page"}],"author":[{"embeddable":true,"href":"https:\/\/riublanch.com\/index.php\/wp-json\/wp\/v2\/users\/3"}],"replies":[{"embeddable":true,"href":"https:\/\/riublanch.com\/index.php\/wp-json\/wp\/v2\/comments?post=2267"}],"version-history":[{"count":5,"href":"https:\/\/riublanch.com\/index.php\/wp-json\/wp\/v2\/pages\/2267\/revisions"}],"predecessor-version":[{"id":2285,"href":"https:\/\/riublanch.com\/index.php\/wp-json\/wp\/v2\/pages\/2267\/revisions\/2285"}],"wp:attachment":[{"href":"https:\/\/riublanch.com\/index.php\/wp-json\/wp\/v2\/media?parent=2267"}],"curies":[{"name":"wp","href":"https:\/\/api.w.org\/{rel}","templated":true}]}}