{"id":2248,"date":"2021-03-26T08:23:21","date_gmt":"2021-03-26T08:23:21","guid":{"rendered":"https:\/\/riublanch.com\/?page_id=2248"},"modified":"2021-09-26T18:58:45","modified_gmt":"2021-09-26T18:58:45","slug":"2248-2","status":"publish","type":"page","link":"https:\/\/riublanch.com\/index.php\/2248-2\/","title":{"rendered":"Ciclo de coloquios con Higinio Mar\u00edn"},"content":{"rendered":"<h2>Ciclo de coloquios con el prof. Higinio Mar\u00edn<\/h2>\n<ol>\n<li>\n<h3><a href=\"https:\/\/youtu.be\/PMv928yydBU\" target=\"_blank\" rel=\"noopener\">La educaci\u00f3n del deseo<\/a> (25.03.21)<\/h3>\n<\/li>\n<li>\n<h3><a href=\"https:\/\/youtu.be\/u-8G6FiHNTQ\" target=\"_blank\" rel=\"noopener\">La educaci\u00f3n de los sentimientos<\/a> (29.04.21)<\/h3>\n<\/li>\n<li>\n<h3><a href=\"https:\/\/youtu.be\/32gsyRChPGQ\" target=\"_blank\" rel=\"noopener\">Sexualidad e intimidad<\/a> (27.05.21)<\/h3>\n<\/li>\n<li>\n<h3><a href=\"https:\/\/youtu.be\/s2pfNDx2FD0\" target=\"_blank\" rel=\"noopener\">Qu\u00e9 es una casa<\/a> (24.06.21)<\/h3>\n<\/li>\n<\/ol>\n","protected":false},"excerpt":{"rendered":"<p>Ciclo de coloquios con el prof. Higinio Mar\u00edn La educaci\u00f3n del deseo (25.03.21) La educaci\u00f3n de los sentimientos (29.04.21) Sexualidad e intimidad (27.05.21) Qu\u00e9 es una casa (24.06.21)<\/p>\n","protected":false},"author":3,"featured_media":0,"parent":0,"menu_order":0,"comment_status":"closed","ping_status":"closed","template":"","meta":{"footnotes":""},"class_list":["post-2248","page","type-page","status-publish","hentry"],"_links":{"self":[{"href":"https:\/\/riublanch.com\/index.php\/wp-json\/wp\/v2\/pages\/2248","targetHints":{"allow":["GET"]}}],"collection":[{"href":"https:\/\/riublanch.com\/index.php\/wp-json\/wp\/v2\/pages"}],"about":[{"href":"https:\/\/riublanch.com\/index.php\/wp-json\/wp\/v2\/types\/page"}],"author":[{"embeddable":true,"href":"https:\/\/riublanch.com\/index.php\/wp-json\/wp\/v2\/users\/3"}],"replies":[{"embeddable":true,"href":"https:\/\/riublanch.com\/index.php\/wp-json\/wp\/v2\/comments?post=2248"}],"version-history":[{"count":10,"href":"https:\/\/riublanch.com\/index.php\/wp-json\/wp\/v2\/pages\/2248\/revisions"}],"predecessor-version":[{"id":2310,"href":"https:\/\/riublanch.com\/index.php\/wp-json\/wp\/v2\/pages\/2248\/revisions\/2310"}],"wp:attachment":[{"href":"https:\/\/riublanch.com\/index.php\/wp-json\/wp\/v2\/media?parent=2248"}],"curies":[{"name":"wp","href":"https:\/\/api.w.org\/{rel}","templated":true}]}}