{"id":2223,"date":"2021-02-21T18:10:37","date_gmt":"2021-02-21T18:10:37","guid":{"rendered":"https:\/\/riublanch.com\/?page_id=2223"},"modified":"2021-02-27T18:56:37","modified_gmt":"2021-02-27T18:56:37","slug":"teologia-sacramentaria","status":"publish","type":"page","link":"https:\/\/riublanch.com\/index.php\/teologia-sacramentaria\/","title":{"rendered":"Teolog\u00eda Sacramentaria"},"content":{"rendered":"<h3><a href=\"https:\/\/vimeo.com\/514970665\" target=\"_blank\" rel=\"noopener\">Teolog\u00eda Sacramentaria I<\/a><\/h3>\n<h3><a href=\"https:\/\/vimeo.com\/514992791\" target=\"_blank\" rel=\"noopener\">Teolog\u00eda Sacramentaria II<\/a><\/h3>\n<h3><a href=\"https:\/\/vimeo.com\/515013573\" target=\"_blank\" rel=\"noopener\">Teolog\u00eda Sacramentaria III<\/a><\/h3>\n","protected":false},"excerpt":{"rendered":"<p>Teolog\u00eda Sacramentaria I Teolog\u00eda Sacramentaria II Teolog\u00eda Sacramentaria III<\/p>\n","protected":false},"author":3,"featured_media":0,"parent":0,"menu_order":0,"comment_status":"closed","ping_status":"closed","template":"","meta":{"footnotes":""},"class_list":["post-2223","page","type-page","status-publish","hentry"],"_links":{"self":[{"href":"https:\/\/riublanch.com\/index.php\/wp-json\/wp\/v2\/pages\/2223","targetHints":{"allow":["GET"]}}],"collection":[{"href":"https:\/\/riublanch.com\/index.php\/wp-json\/wp\/v2\/pages"}],"about":[{"href":"https:\/\/riublanch.com\/index.php\/wp-json\/wp\/v2\/types\/page"}],"author":[{"embeddable":true,"href":"https:\/\/riublanch.com\/index.php\/wp-json\/wp\/v2\/users\/3"}],"replies":[{"embeddable":true,"href":"https:\/\/riublanch.com\/index.php\/wp-json\/wp\/v2\/comments?post=2223"}],"version-history":[{"count":3,"href":"https:\/\/riublanch.com\/index.php\/wp-json\/wp\/v2\/pages\/2223\/revisions"}],"predecessor-version":[{"id":2226,"href":"https:\/\/riublanch.com\/index.php\/wp-json\/wp\/v2\/pages\/2223\/revisions\/2226"}],"wp:attachment":[{"href":"https:\/\/riublanch.com\/index.php\/wp-json\/wp\/v2\/media?parent=2223"}],"curies":[{"name":"wp","href":"https:\/\/api.w.org\/{rel}","templated":true}]}}