{"id":2148,"date":"2020-11-19T16:47:31","date_gmt":"2020-11-19T16:47:31","guid":{"rendered":"https:\/\/riublanch.com\/?page_id=2148"},"modified":"2020-12-08T15:20:53","modified_gmt":"2020-12-08T15:20:53","slug":"soteriologia","status":"publish","type":"page","link":"https:\/\/riublanch.com\/index.php\/soteriologia\/","title":{"rendered":"Soteriolog\u00eda"},"content":{"rendered":"<ul>\n<li>\n<h3><a href=\"https:\/\/vimeo.com\/485601990\" target=\"_blank\" rel=\"noopener noreferrer\">Jesucristo Redentor (Soteriolog\u00eda) I<\/a><\/h3>\n<\/li>\n<li>\n<h3><a href=\"https:\/\/vimeo.com\/487874874\" target=\"_blank\" rel=\"noopener noreferrer\">Jesucristo Redentor (Soteriolog\u00eda) II<\/a><\/h3>\n<\/li>\n<li>\n<h3><a href=\"https:\/\/vimeo.com\/488464661\" target=\"_blank\" rel=\"noopener noreferrer\">Jesucristo Redentor (Soteriolog\u00eda) III<\/a><\/h3>\n<\/li>\n<\/ul>\n","protected":false},"excerpt":{"rendered":"<p>Jesucristo Redentor (Soteriolog\u00eda) I Jesucristo Redentor (Soteriolog\u00eda) II Jesucristo Redentor (Soteriolog\u00eda) III<\/p>\n","protected":false},"author":3,"featured_media":0,"parent":0,"menu_order":0,"comment_status":"closed","ping_status":"closed","template":"","meta":{"footnotes":""},"class_list":["post-2148","page","type-page","status-publish","hentry"],"_links":{"self":[{"href":"https:\/\/riublanch.com\/index.php\/wp-json\/wp\/v2\/pages\/2148","targetHints":{"allow":["GET"]}}],"collection":[{"href":"https:\/\/riublanch.com\/index.php\/wp-json\/wp\/v2\/pages"}],"about":[{"href":"https:\/\/riublanch.com\/index.php\/wp-json\/wp\/v2\/types\/page"}],"author":[{"embeddable":true,"href":"https:\/\/riublanch.com\/index.php\/wp-json\/wp\/v2\/users\/3"}],"replies":[{"embeddable":true,"href":"https:\/\/riublanch.com\/index.php\/wp-json\/wp\/v2\/comments?post=2148"}],"version-history":[{"count":8,"href":"https:\/\/riublanch.com\/index.php\/wp-json\/wp\/v2\/pages\/2148\/revisions"}],"predecessor-version":[{"id":2190,"href":"https:\/\/riublanch.com\/index.php\/wp-json\/wp\/v2\/pages\/2148\/revisions\/2190"}],"wp:attachment":[{"href":"https:\/\/riublanch.com\/index.php\/wp-json\/wp\/v2\/media?parent=2148"}],"curies":[{"name":"wp","href":"https:\/\/api.w.org\/{rel}","templated":true}]}}