{"id":2128,"date":"2020-11-12T17:45:12","date_gmt":"2020-11-12T17:45:12","guid":{"rendered":"https:\/\/riublanch.com\/?page_id=2128"},"modified":"2021-09-10T16:43:48","modified_gmt":"2021-09-10T16:43:48","slug":"retiros","status":"publish","type":"page","link":"https:\/\/riublanch.com\/index.php\/retiros\/","title":{"rendered":"Retiros"},"content":{"rendered":"<h2>Retiro mensual<\/h2>\n<h3>Es un encuentro de adoraci\u00f3n y meditaci\u00f3n ante el Sant\u00edsimo Sacramento, pidiendo su luz para conocernos mejor y perfilar aspectos de mejora personal. A ese objetivo se dirige la meditaci\u00f3n dirigida por el sacerdote, junto con unos minutos de lectura espiritual y la consideraci\u00f3n de unos puntos de examen. Se celebran en jueves, de 20:00 a 21:10 h.<\/h3>\n<h3>Pr\u00f3ximos retiros:<\/h3>\n<p>&nbsp;<\/p>\n<h2>Curso de retiro<\/h2>\n<h3>D\u00edas de recogimiento interior destinados al examen reposado sobre todos los aspectos de nuestra vida: la relaci\u00f3n personal con Dios y con los dem\u00e1s en la familia, el trabajo y las dem\u00e1s circunstancias de la vida diaria. Se suelen celebrar de jueves por la noche a domingo por la tarde.<\/h3>\n<h3>Cada jornada del retiro incluye Misa, pl\u00e1ticas dirigidas por un sacerdote, clases sobre la vida cristiana, adoraci\u00f3n eucar\u00edstica, rezo del Rosario, tiempos de lectura y silencio para la reflexi\u00f3n personal. El sacerdote tambi\u00e9n puede orientar espiritualmente y en forma personalizada a quien lo desee.<\/h3>\n<h3>Pr\u00f3ximos cursos de retiro:<\/h3>\n<table style=\"height: 465px;\" width=\"303\">\n<tbody>\n<tr>\n<td width=\"83\"><\/td>\n<\/tr>\n<tr>\n<td>\n<h4><\/h4>\n<\/td>\n<\/tr>\n<tr>\n<td>\n<h4><\/h4>\n<\/td>\n<\/tr>\n<tr>\n<td>\n<h4><\/h4>\n<\/td>\n<\/tr>\n<tr>\n<td>\n<h4><\/h4>\n<\/td>\n<\/tr>\n<tr>\n<td><\/td>\n<\/tr>\n<tr>\n<td><\/td>\n<\/tr>\n<tr>\n<td><\/td>\n<\/tr>\n<\/tbody>\n<\/table>\n<p>&nbsp;<\/p>\n","protected":false},"excerpt":{"rendered":"<p>Retiro mensual Es un encuentro de adoraci\u00f3n y meditaci\u00f3n ante el Sant\u00edsimo Sacramento, pidiendo su luz para conocernos mejor y perfilar aspectos de mejora personal. A ese objetivo se dirige la meditaci\u00f3n dirigida por el sacerdote, junto con unos minutos de lectura espiritual y la consideraci\u00f3n de unos puntos de examen. Se celebran en jueves, de 20:00 a 21:10 h. Pr\u00f3ximos retiros: &nbsp; Curso de retiro D\u00edas de recogimiento interior destinados al examen reposado sobre todos los aspectos de nuestra vida: la relaci\u00f3n personal con Dios y con los dem\u00e1s en la familia, el trabajo y las dem\u00e1s circunstancias de la [&hellip;]<\/p>\n","protected":false},"author":3,"featured_media":0,"parent":0,"menu_order":0,"comment_status":"closed","ping_status":"closed","template":"","meta":{"footnotes":""},"class_list":["post-2128","page","type-page","status-publish","hentry"],"_links":{"self":[{"href":"https:\/\/riublanch.com\/index.php\/wp-json\/wp\/v2\/pages\/2128","targetHints":{"allow":["GET"]}}],"collection":[{"href":"https:\/\/riublanch.com\/index.php\/wp-json\/wp\/v2\/pages"}],"about":[{"href":"https:\/\/riublanch.com\/index.php\/wp-json\/wp\/v2\/types\/page"}],"author":[{"embeddable":true,"href":"https:\/\/riublanch.com\/index.php\/wp-json\/wp\/v2\/users\/3"}],"replies":[{"embeddable":true,"href":"https:\/\/riublanch.com\/index.php\/wp-json\/wp\/v2\/comments?post=2128"}],"version-history":[{"count":10,"href":"https:\/\/riublanch.com\/index.php\/wp-json\/wp\/v2\/pages\/2128\/revisions"}],"predecessor-version":[{"id":2307,"href":"https:\/\/riublanch.com\/index.php\/wp-json\/wp\/v2\/pages\/2128\/revisions\/2307"}],"wp:attachment":[{"href":"https:\/\/riublanch.com\/index.php\/wp-json\/wp\/v2\/media?parent=2128"}],"curies":[{"name":"wp","href":"https:\/\/api.w.org\/{rel}","templated":true}]}}