{"id":2102,"date":"2020-11-11T19:59:20","date_gmt":"2020-11-11T19:59:20","guid":{"rendered":"https:\/\/riublanch.com\/?page_id=2102"},"modified":"2021-11-05T21:57:10","modified_gmt":"2021-11-05T21:57:10","slug":"otras-actividades","status":"publish","type":"page","link":"https:\/\/riublanch.com\/index.php\/otras-actividades\/","title":{"rendered":"Otras actividades"},"content":{"rendered":"<h2>Ciclo de Sesiones Curso 2021 \/ 2022<\/h2>\n<h3>Ciclo de charlas, coloquios videos, etc. sobre cuestiones de actualidad e inter\u00e9s cultural y doctrinal<br \/>\nJueves, de 20:40 a 21:15 h.<br \/>\nPrograma de octubre-diciembre de 2021:<\/h3>\n<h3>07.10\u00a0 \u00a0Cultivar la amistad, por Jos\u00e9 Mu\u00f1oz<br \/>\n21.10\u00a0 \u00a0 Recursos formativos con iSilo, por Vicente Vidal<br \/>\n28.10\u00a0 \u00a0 La Santa Misa, por don Santiago Blanco<\/h3>\n<h3>04.11\u00a0 \u00a0 <a href=\"https:\/\/youtu.be\/f4itj6IsWWM\" target=\"_blank\" rel=\"noopener\">Amor y vulnerabilidad<\/a>, por Tom\u00e1s Baviera<br \/>\n18.11\u00a0 \u00a0 Recursos formativos en la red, por Ignacio Gil<br \/>\n25.11\u00a0 \u00a0 \u00c9tica en el trabajo, por Manuel Guill\u00e9n<\/h3>\n<h3>02.12\u00a0 \u00a0 De tertulia con San Josemar\u00eda<br \/>\n16.12\u00a0 \u00a0 Comentario a la Carta &#8216;Singuli dies&#8217;, por Jos\u00e9 Mu\u00f1oz<br \/>\n30.12\u00a0 \u00a0 De tertulia con el Padre<\/h3>\n<p>&nbsp;<\/p>\n<h2><\/h2>\n<h2>Cuestiones de Actualidad<\/h2>\n<h3>Ciclo de coloquios con Higinio Mar\u00edn, profesor de Antropolog\u00eda Filos\u00f3fica<br \/>\n\u00daltimo jueves de mes, a las 20:00 h.<\/h3>\n<h3>25 mar 2021: La educaci\u00f3n del deseo<br \/>\n29 abr: La educaci\u00f3n de los sentimientos<br \/>\n27 may: Sexualidad e intimidad<br \/>\n24 jun: Qu\u00e9 es una casa<\/h3>\n<h3>Acceder <a href=\"https:\/\/riublanch.com\/?page_id=2248&amp;preview=true\" target=\"_blank\" rel=\"noopener\">aqu\u00ed<\/a> a las grabaciones de las sesiones.<\/h3>\n<p>&nbsp;<\/p>\n<h2>La Tertulia por Zoom<\/h2>\n<h3>Actividad opcional, abierta y participativa, para tratar sobre temas de inter\u00e9s y actualidad.<br \/>\nSe celebra el martes de la semana del retiro, a las 20:00 h.<\/h3>\n<h3>17 nov 2020: \u00abC\u00f3mo se desarrolla el arte de un videojuego\u00bb, con Lucas Soler<br \/>\n24 nov: \u00abRecursos a un click para la piedad y la formaci\u00f3n\u00bb, con Vicente Vidal<br \/>\n9 dic: \u00abRecursos a un click para la piedad y la formaci\u00f3n\u00bb (2), con Vicente Vidal<br \/>\n19 ene: \u00abQui\u00e9n es qui\u00e9n en la guerra de Siria\u00bb, con Fadi Sabeh<br \/>\n16 feb.: \u00abDrogas y adolescencia\u00bb, con Alberto Sancho<\/h3>\n","protected":false},"excerpt":{"rendered":"<p>Ciclo de Sesiones Curso 2021 \/ 2022 Ciclo de charlas, coloquios videos, etc. sobre cuestiones de actualidad e inter\u00e9s cultural y doctrinal Jueves, de 20:40 a 21:15 h. Programa de octubre-diciembre de 2021: 07.10\u00a0 \u00a0Cultivar la amistad, por Jos\u00e9 Mu\u00f1oz 21.10\u00a0 \u00a0 Recursos formativos con iSilo, por Vicente Vidal 28.10\u00a0 \u00a0 La Santa Misa, por don Santiago Blanco 04.11\u00a0 \u00a0 Amor y vulnerabilidad, por Tom\u00e1s Baviera 18.11\u00a0 \u00a0 Recursos formativos en la red, por Ignacio Gil 25.11\u00a0 \u00a0 \u00c9tica en el trabajo, por Manuel Guill\u00e9n 02.12\u00a0 \u00a0 De tertulia con San Josemar\u00eda 16.12\u00a0 \u00a0 Comentario a la Carta &#8216;Singuli dies&#8217;, por [&hellip;]<\/p>\n","protected":false},"author":3,"featured_media":0,"parent":0,"menu_order":0,"comment_status":"closed","ping_status":"closed","template":"","meta":{"footnotes":""},"class_list":["post-2102","page","type-page","status-publish","hentry"],"_links":{"self":[{"href":"https:\/\/riublanch.com\/index.php\/wp-json\/wp\/v2\/pages\/2102","targetHints":{"allow":["GET"]}}],"collection":[{"href":"https:\/\/riublanch.com\/index.php\/wp-json\/wp\/v2\/pages"}],"about":[{"href":"https:\/\/riublanch.com\/index.php\/wp-json\/wp\/v2\/types\/page"}],"author":[{"embeddable":true,"href":"https:\/\/riublanch.com\/index.php\/wp-json\/wp\/v2\/users\/3"}],"replies":[{"embeddable":true,"href":"https:\/\/riublanch.com\/index.php\/wp-json\/wp\/v2\/comments?post=2102"}],"version-history":[{"count":16,"href":"https:\/\/riublanch.com\/index.php\/wp-json\/wp\/v2\/pages\/2102\/revisions"}],"predecessor-version":[{"id":2345,"href":"https:\/\/riublanch.com\/index.php\/wp-json\/wp\/v2\/pages\/2102\/revisions\/2345"}],"wp:attachment":[{"href":"https:\/\/riublanch.com\/index.php\/wp-json\/wp\/v2\/media?parent=2102"}],"curies":[{"name":"wp","href":"https:\/\/api.w.org\/{rel}","templated":true}]}}